{"id":8812,"date":"2015-08-02T13:10:09","date_gmt":"2015-08-02T13:10:09","guid":{"rendered":"https:\/\/bor-plastika.kliktronik.info\/treatment-of-industrial-water\/neutralizacija-i-cijevni-mjesac\/"},"modified":"2022-07-20T11:42:41","modified_gmt":"2022-07-20T09:42:41","slug":"neutralization-and-pipe-mixer","status":"publish","type":"page","link":"https:\/\/www.borplastikaeko.al\/en\/treatment-of-industrial-water\/neutralization-and-pipe-mixer\/","title":{"rendered":"Neutralization and Pipe Mixer"},"content":{"rendered":"<p>[vc_row][vc_column][vc_column_text]<\/p>\n<h2><b>NEUTRALIZATION OF WASTE WATER<\/b><\/h2>\n<p>[\/vc_column_text][vc_single_image image=&#8221;8181&#8243; img_size=&#8221;full&#8221;][vc_column_text]Neutralization is the process of bringing the existing waste water pH to a neutral value (pH 7.0).<\/p>\n<p>A neutral pH is a prerequisite for the performance of biological waste water treatment. The process of neutralization is commonly used in industrial waste water which, depending on the type of applied technology, can have a pH of 1-14.<\/p>\n<p>Adjusting\u00a0 pH values is done\u00a0 by adding chemicals in waste water. The type and amount of added chemicals depend on the pH value of waste water. The most commonly used base is NaOH or acid HCl.<\/p>\n<p>The process of neutralization is carried out before secondary wastewater treatment processes.<\/p>\n<p><strong>System for neutralization consists:<\/strong><\/p>\n<ul>\n<li>chemical tenk,<\/li>\n<li>dose pumps,<\/li>\n<li>pH probe,<\/li>\n<li>control unit,<\/li>\n<li>mixer.<\/li>\n<\/ul>\n<p>The design is carried out according to the requirements of specific wastewater treatment.[\/vc_column_text][\/vc_column][\/vc_row][vc_row][vc_column][vc_column_text]Projektiranje se vr\u0161i prema zahtjevima odre\u0111enim procesom pro\u010di\u0161\u0107avanja otpadnih voda.[\/vc_column_text][vc_single_image image=&#8221;8182&#8243; img_size=&#8221;full&#8221;][\/vc_column][\/vc_row][vc_row][vc_column][vc_column_text]<\/p>\n<h2>PIPE MIXER<\/h2>\n<p>Pipe mixer\u00a0 belongs to the group of static mixers and have\u00a0 high intensity of mixing fluids with a length of only a few tube diameters. Fully three-dimensional mixing is possible thanks to the corrugated panels of which mixer is made.<\/p>\n<p>Properties of pipe mixer:<br \/>\n\u2022 Made of polypropylene<br \/>\n\u2022 Resistant to aggressive chemicals<br \/>\n\u2022 Extremely effective in the short mixing length<br \/>\n\u2022 Suitable for mixing liquids of low viscosity,<br \/>\n\u2022 minimum pressure drop in the mixing place<\/p>\n<p><strong>It is using for:<\/strong><\/p>\n<ul>\n<li>Mixing of liquids, chemicals and additives in water treatment and in waste water treatment\n<ul>\n<li>Mixing liquids and air in oxidation process,<br \/>\n\u2022 Process operations in chemical plants,<br \/>\n\u2022 Process operations in cases when it is necessary to achieve high efficiency of mixing.<\/li>\n<\/ul>\n<\/li>\n<\/ul>\n<p>[\/vc_column_text][vc_single_image image=&#8221;8183&#8243; img_size=&#8221;full&#8221;][\/vc_column][\/vc_row]<\/p>\n","protected":false},"excerpt":{"rendered":"<p>[vc_row][vc_column][vc_column_text] NEUTRALIZATION OF WASTE WATER [\/vc_column_text][vc_single_image image=&#8221;8181&#8243; img_size=&#8221;full&#8221;][vc_column_text]Neutralization is the process of bringing the existing waste water pH to a neutral value (pH 7.0). A neutral pH is a prerequisite for the performance of biological waste water treatment. The process of neutralization is commonly used in industrial waste water which, depending on the type of<\/p>\n","protected":false},"author":1,"featured_media":0,"parent":8805,"menu_order":0,"comment_status":"closed","ping_status":"open","template":"","meta":[],"yoast_head":"<!-- This site is optimized with the Yoast SEO plugin v15.5 - https:\/\/yoast.com\/wordpress\/plugins\/seo\/ -->\n<meta name=\"robots\" content=\"index, follow, max-snippet:-1, max-image-preview:large, max-video-preview:-1\" \/>\n<link rel=\"canonical\" href=\"https:\/\/www.borplastikaeko.al\/en\/treatment-of-industrial-water\/neutralization-and-pipe-mixer\/\" \/>\n<meta property=\"og:locale\" content=\"en_US\" \/>\n<meta property=\"og:type\" content=\"article\" \/>\n<meta property=\"og:title\" content=\"Neutralization and Pipe Mixer - BP GROUP d.o.o.\" \/>\n<meta property=\"og:description\" content=\"[vc_row][vc_column][vc_column_text] NEUTRALIZATION OF WASTE WATER [\/vc_column_text][vc_single_image image=&#8221;8181&#8243; img_size=&#8221;full&#8221;][vc_column_text]Neutralization is the process of bringing the existing waste water pH to a neutral value (pH 7.0). A neutral pH is a prerequisite for the performance of biological waste water treatment. The process of neutralization is commonly used in industrial waste water which, depending on the type of\" \/>\n<meta property=\"og:url\" content=\"https:\/\/www.borplastikaeko.al\/en\/treatment-of-industrial-water\/neutralization-and-pipe-mixer\/\" \/>\n<meta property=\"og:site_name\" content=\"BP GROUP d.o.o.\" \/>\n<meta property=\"article:publisher\" content=\"https:\/\/web.facebook.com\/borplastika\/\" \/>\n<meta property=\"article:modified_time\" content=\"2022-07-20T09:42:41+00:00\" \/>\n<meta name=\"twitter:card\" content=\"summary_large_image\" \/>\n<meta name=\"twitter:label1\" content=\"Est. reading time\">\n\t<meta name=\"twitter:data1\" content=\"1 minute\">\n<script type=\"application\/ld+json\" class=\"yoast-schema-graph\">{\"@context\":\"https:\/\/schema.org\",\"@graph\":[{\"@type\":\"Organization\",\"@id\":\"https:\/\/www.borplastikaeko.al\/en\/#organization\",\"name\":\"Borplastika Eko sh.p.k.\",\"url\":\"https:\/\/www.borplastikaeko.al\/en\/\",\"sameAs\":[\"https:\/\/web.facebook.com\/borplastika\/\"],\"logo\":{\"@type\":\"ImageObject\",\"@id\":\"https:\/\/www.borplastikaeko.al\/en\/#logo\",\"inLanguage\":\"en-US\",\"url\":\"https:\/\/www.borplastikaeko.al\/wp-content\/uploads\/2022\/05\/BP-Group-web-logo.png\",\"width\":3393,\"height\":776,\"caption\":\"Borplastika Eko sh.p.k.\"},\"image\":{\"@id\":\"https:\/\/www.borplastikaeko.al\/en\/#logo\"}},{\"@type\":\"WebSite\",\"@id\":\"https:\/\/www.borplastikaeko.al\/en\/#website\",\"url\":\"https:\/\/www.borplastikaeko.al\/en\/\",\"name\":\"BP GROUP d.o.o.\",\"description\":\"WASTEWATER TREATMENT PLANTS - FUTURE EXISTS\",\"publisher\":{\"@id\":\"https:\/\/www.borplastikaeko.al\/en\/#organization\"},\"potentialAction\":[{\"@type\":\"SearchAction\",\"target\":\"https:\/\/www.borplastikaeko.al\/en\/?s={search_term_string}\",\"query-input\":\"required name=search_term_string\"}],\"inLanguage\":\"en-US\"},{\"@type\":\"WebPage\",\"@id\":\"https:\/\/www.borplastikaeko.al\/en\/treatment-of-industrial-water\/neutralization-and-pipe-mixer\/#webpage\",\"url\":\"https:\/\/www.borplastikaeko.al\/en\/treatment-of-industrial-water\/neutralization-and-pipe-mixer\/\",\"name\":\"Neutralization and Pipe Mixer - BP GROUP d.o.o.\",\"isPartOf\":{\"@id\":\"https:\/\/www.borplastikaeko.al\/en\/#website\"},\"datePublished\":\"2015-08-02T13:10:09+00:00\",\"dateModified\":\"2022-07-20T09:42:41+00:00\",\"inLanguage\":\"en-US\",\"potentialAction\":[{\"@type\":\"ReadAction\",\"target\":[\"https:\/\/www.borplastikaeko.al\/en\/treatment-of-industrial-water\/neutralization-and-pipe-mixer\/\"]}]}]}<\/script>\n<!-- \/ Yoast SEO plugin. -->","_links":{"self":[{"href":"https:\/\/www.borplastikaeko.al\/en\/wp-json\/wp\/v2\/pages\/8812"}],"collection":[{"href":"https:\/\/www.borplastikaeko.al\/en\/wp-json\/wp\/v2\/pages"}],"about":[{"href":"https:\/\/www.borplastikaeko.al\/en\/wp-json\/wp\/v2\/types\/page"}],"author":[{"embeddable":true,"href":"https:\/\/www.borplastikaeko.al\/en\/wp-json\/wp\/v2\/users\/1"}],"replies":[{"embeddable":true,"href":"https:\/\/www.borplastikaeko.al\/en\/wp-json\/wp\/v2\/comments?post=8812"}],"version-history":[{"count":2,"href":"https:\/\/www.borplastikaeko.al\/en\/wp-json\/wp\/v2\/pages\/8812\/revisions"}],"predecessor-version":[{"id":8815,"href":"https:\/\/www.borplastikaeko.al\/en\/wp-json\/wp\/v2\/pages\/8812\/revisions\/8815"}],"up":[{"embeddable":true,"href":"https:\/\/www.borplastikaeko.al\/en\/wp-json\/wp\/v2\/pages\/8805"}],"wp:attachment":[{"href":"https:\/\/www.borplastikaeko.al\/en\/wp-json\/wp\/v2\/media?parent=8812"}],"curies":[{"name":"wp","href":"https:\/\/api.w.org\/{rel}","templated":true}]}}