{"id":10006,"date":"2020-11-02T13:21:09","date_gmt":"2020-11-02T13:21:09","guid":{"rendered":"https:\/\/www.borplastikaeko.al\/?page_id=10006"},"modified":"2022-07-11T08:36:01","modified_gmt":"2022-07-11T06:36:01","slug":"reference-en","status":"publish","type":"page","link":"https:\/\/www.borplastikaeko.al\/en\/reference-en\/","title":{"rendered":"REFERENCE LIST"},"content":{"rendered":"<p>[vc_row][vc_column][vc_custom_heading text=&#8221;REFERENCE LIST OF DESIGNED, PRODUCE AND DELIVERED DEVICES&#8221; font_container=&#8221;tag:h2|text_align:center&#8221;][\/vc_column][\/vc_row][vc_row][vc_column width=&#8221;2\/3&#8243;][\/vc_column][vc_column width=&#8221;1\/3&#8243;][\/vc_column][\/vc_row][vc_row][vc_column][vc_empty_space height=&#8221;30px&#8221;][vc_custom_heading text=&#8221;TEHNOLOGICAL WASTEWATER TREATMENT FROM INDUSTRY&#8221; font_container=&#8221;tag:h3|text_align:left&#8221; use_theme_fonts=&#8221;yes&#8221; css=&#8221;.vc_custom_1604322110514{margin-bottom: 15px !important;}&#8221;]<style type=\"text\/css\" >#l_sqhpeg3cb824gwi4af1w.sc_line ,#l_sqhpeg3cb824gwi4af1w .sc_line { height:1px; background:;}#l_sqhpeg3cb824gwi4af1w {margin:0px 0 0px 0; padding:0;}<\/style><div class=\"clearfix\"><\/div><div id=\"l_sqhpeg3cb824gwi4af1w\"  class=\"sc_line rd_line_normal\" ><\/div>[vc_empty_space height=&#8221;15px&#8221;][\/vc_column][\/vc_row][vc_row][vc_column width=&#8221;1\/6&#8243;][vc_empty_space][\/vc_column][vc_column width=&#8221;5\/6&#8243;][vc_accordion active_tab=&#8221;false&#8221; style=&#8221;rd_acc_8&#8243;][vc_accordion_tab title=&#8221;Meat industry&#8221;][vc_column_text]<\/p>\n<ol>\n<li><a href=\"https:\/\/www.borplastikaeko.al\/reference\/m-o-bodirkovic-borovo-croatia\/\">M.O. Bo\u0111irkovi\u0107, Borovo, Croatia<\/a><\/li>\n<li><a href=\"https:\/\/www.borplastikaeko.al\/reference\/tulumovic-d-o-o-laktasi-bosnia-and-herzegovina\/\">Tulumovi\u0107 d.o.o., Lakta\u0161i, Bosnia and Herzegovina<\/a><\/li>\n<li><a href=\"https:\/\/www.borplastikaeko.al\/reference\/halasi-kebpro-kft-kiskunhalas-hungary\/\">Halasi Kebpro Kft, Kiskunhalas, Hungary<\/a><\/li>\n<li><a href=\"https:\/\/www.borplastikaeko.al\/reference\/e-log-nova-pazova-serbia\/\">E-log, Nova Pazova, Serbia<\/a><\/li>\n<\/ol>\n<p>[\/vc_column_text][\/vc_accordion_tab][vc_accordion_tab title=&#8221;Fish processing industry&#8221;][vc_column_text]<\/p>\n<ol>\n<li><a href=\"https:\/\/www.borplastikaeko.al\/reference\/conex-trade-d-o-o-caporice-croatia\/\">Conex-trade d.o.o., \u010caporice, Croatia<\/a><\/li>\n<li><a href=\"https:\/\/www.borplastikaeko.al\/reference\/sardina-d-o-o-postire-croatia\/\">Sardina d.o.o., Postire, Croatia<\/a><\/li>\n<li><a href=\"https:\/\/www.borplastikaeko.al\/reference\/tesi-tunolov-d-o-o-policnik-croatia\/\">Te\u0161i-tunolov d.o.o., Poli\u010dnik, Croatia<\/a><\/li>\n<li><a href=\"https:\/\/www.borplastikaeko.al\/reference\/marikomerc-d-o-o-policnik-croatia\/\">Marikomerc d.o.o., Poli\u010dnik, Croatia<\/a><\/li>\n<\/ol>\n<p>[\/vc_column_text][\/vc_accordion_tab][vc_accordion_tab title=&#8221;Dairy industry&#8221;][vc_column_text]<\/p>\n<ol>\n<li><a href=\"https:\/\/www.borplastikaeko.al\/reference\/zott-see-gradacac-bosnia-and-herzegovina\/\">Zott SEE, Grada\u010dac, Bosnia and Herzegovina<\/a><\/li>\n<li><a href=\"https:\/\/www.borplastikaeko.al\/reference\/mljekara-spasojevic-d-o-o-bajina-basta-serbia\/\">Mljekara Spasojevi\u0107 d.o.o., Bajina Ba\u0161ta, Serbia<\/a><\/li>\n<li><a href=\"https:\/\/www.borplastikaeko.al\/reference\/poljorad-d-o-o-turbe-bosnia-and-herzegovina\/\">Poljorad d.o.o., Turbe, Bosnia and Herzegovina<\/a><\/li>\n<\/ol>\n<p>[\/vc_column_text][\/vc_accordion_tab][vc_accordion_tab title=&#8221;Fruit and vegetable processing industry&#8221;][vc_column_text]<\/p>\n<ol>\n<li><a href=\"https:\/\/www.borplastikaeko.al\/reference\/eko-vrelo-d-o-o-beli-manastir-croatia\/\">Eko vrelo d.o.o., Beli Manastir, Croatia<\/a><\/li>\n<li><a href=\"https:\/\/www.borplastikaeko.al\/reference\/tanasic-d-o-o-dvorovi-bosnia-and-herzegovina\/\">Tanasi\u0107 d.o.o., Dvorovi, Bosnia and Herzegovina<\/a><\/li>\n<li><a href=\"https:\/\/www.borplastikaeko.al\/reference\/pacific-ocean-kft-vac-hungary\/\">Pacific Ocean Kft., V\u00e1c, Hungary<\/a><\/li>\n<\/ol>\n<p>[\/vc_column_text][\/vc_accordion_tab][vc_accordion_tab title=&#8221;Wineries&#8221;][vc_column_text]<\/p>\n<ol>\n<li><a href=\"https:\/\/www.borplastikaeko.al\/reference\/korta-katarina-orebic-croatia\/\">Korta Katarina, Orebi\u0107, Croatia<\/a><\/li>\n<li><a href=\"https:\/\/www.borplastikaeko.al\/reference\/vina-grgic-trstenik-croatia\/\">Vina Grgi\u0107, Trstenik, Croatia<\/a><\/li>\n<li><a href=\"https:\/\/www.borplastikaeko.al\/reference\/10071-2\/\">Saint Hills, Zagruda, Croatia<\/a><\/li>\n<li><a href=\"https:\/\/www.borplastikaeko.al\/reference\/grand-tokaj-zrt-tolcsva-hungary\/\">Grand Tokaj Zrt., Tolcsva, Hungary<\/a><\/li>\n<\/ol>\n<p>[\/vc_column_text][\/vc_accordion_tab][vc_accordion_tab title=&#8221;Paper industry&#8221;][vc_column_text]<\/p>\n<ol>\n<li><a href=\"https:\/\/www.borplastikaeko.al\/reference\/model-pakiranja-d-d-zagreb-croatia\/\">Model pakiranja d.d, Zagreb, Croatia<\/a><\/li>\n<li><a href=\"https:\/\/www.borplastikaeko.al\/reference\/eko-papir-d-o-o-gola-croatia\/\">Eko-papir d.o.o., Gola, Croatia<\/a><\/li>\n<li><a href=\"https:\/\/www.borplastikaeko.al\/smurfit-kappa-avala-ada-d-o-o-belgrade-serbia\/\">Smurfit Kappa Avala Ada d.o.o., Belgrade, Serbia<\/a><\/li>\n<\/ol>\n<p>[\/vc_column_text][\/vc_accordion_tab][vc_accordion_tab title=&#8221;Wastewater from steel processing industry&#8221;][vc_column_text]<\/p>\n<ol>\n<li><a href=\"https:\/\/www.borplastikaeko.al\/reference\/elber-kft-kunszentmiklos-hungary\/\">Elber Kft., Kunszentmikl\u00f3s, Hungary<\/a><\/li>\n<li><a href=\"https:\/\/www.borplastikaeko.al\/reference\/adk-d-o-o-novi-travnik-bosnia-and-herzegovina\/\">ADK d.o.o., Novi Travnik, Bosnia and Herzegovina<\/a><\/li>\n<li><a href=\"https:\/\/www.borplastikaeko.al\/reference\/adk-d-o-o-hoce-slovenia\/\">ADK d.o.o., Ho\u010de, Slovenia<\/a><\/li>\n<li><a href=\"https:\/\/www.borplastikaeko.al\/reference\/lpo-ada-d-o-o-ada-serbia\/\">LPO Ada d.o.o., Ada, Serbia<\/a><\/li>\n<li><a href=\"https:\/\/www.borplastikaeko.al\/reference\/gikil-d-o-o-lukavac-bosnia-and-herzegovina\/\">GIKIL d.o.o., Lukavac, Bosnia and Herzegovina <\/a><\/li>\n<\/ol>\n<p>[\/vc_column_text][\/vc_accordion_tab][vc_accordion_tab title=&#8221;Plastic recycling&#8221;][vc_column_text]<\/p>\n<ol>\n<li><a href=\"https:\/\/www.borplastikaeko.al\/reference\/feitiansuye-d-o-o-perlez-serbia\/\">FeitianSuye d.o.o., Perlez, Serbia<\/a><\/li>\n<\/ol>\n<p>[\/vc_column_text][\/vc_accordion_tab][vc_accordion_tab title=&#8221;Wastewater from washing truck tanks&#8221;][vc_column_text]<\/p>\n<ol>\n<li><a href=\"https:\/\/www.borplastikaeko.al\/reference\/ttr-transport-kft-kengyel-hungary\/\">TTR Transport Kft., Kengyel, Hungary<\/a><\/li>\n<\/ol>\n<p>[\/vc_column_text][\/vc_accordion_tab][vc_accordion_tab title=&#8221;Wastewater from animal farm&#8221;][vc_column_text]<\/p>\n<ol>\n<li><a href=\"https:\/\/www.borplastikaeko.al\/kjp-poljoprivredno-dobro-butmir-d-o-o-sarajevo-ilidza-bosnia-and-herzegovina\/\">KJP Poljoprivredno dobro Butmir d.o.o., Sarajevo-Ilid\u017ea, Bosnia and Herzegovina<\/a><\/li>\n<\/ol>\n<p>[\/vc_column_text][\/vc_accordion_tab][\/vc_accordion][\/vc_column][\/vc_row][vc_row][vc_column][vc_custom_heading text=&#8221;MUNICIPAL WASTEWATER TREATMENT&#8221; font_container=&#8221;tag:h3|text_align:left&#8221; use_theme_fonts=&#8221;yes&#8221; css=&#8221;.vc_custom_1604322769285{margin-bottom: 15px !important;}&#8221;]<style type=\"text\/css\" >#l_kn3rvaqvb2wv1cqjvqe5.sc_line ,#l_kn3rvaqvb2wv1cqjvqe5 .sc_line { height:1px; background:;}#l_kn3rvaqvb2wv1cqjvqe5 {margin:0px 0 0px 0; padding:0;}<\/style><div class=\"clearfix\"><\/div><div id=\"l_kn3rvaqvb2wv1cqjvqe5\"  class=\"sc_line rd_line_normal\" ><\/div>[vc_empty_space height=&#8221;15px&#8221;][\/vc_column][\/vc_row][vc_row][vc_column width=&#8221;1\/6&#8243;][vc_empty_space][\/vc_column][vc_column width=&#8221;5\/6&#8243;][vc_accordion active_tab=&#8221;false&#8221; style=&#8221;rd_acc_8&#8243;][vc_accordion_tab title=&#8221;Municipal wastewater treatment&#8221;][vc_column_text]<\/p>\n<ol>\n<li><a href=\"https:\/\/www.borplastikaeko.al\/reference\/hvar-star-residence-d-o-o-hvar-croatia\/\">Hvar Star residence d.o.o., Hvar, Croatia<\/a><\/li>\n<li><a href=\"https:\/\/www.borplastikaeko.al\/reference\/feal-d-o-o-siroki-brijeg-bosnia-and-herzegovina\/\">Feal d.o.o., \u0160iroki brijeg, Bosnia and Herzegovina<\/a><\/li>\n<li><a href=\"https:\/\/www.borplastikaeko.al\/reference\/list-of-delivered-biological-devices-for-municipal-wastewater-treatment\/\">List of delivered biological devices for municipal wastewater treatment<\/a><\/li>\n<\/ol>\n<p>[\/vc_column_text][\/vc_accordion_tab][\/vc_accordion][\/vc_column][\/vc_row][vc_row][vc_column][vc_custom_heading text=&#8221;DEVICES FOR RAINWATER WASTEWATER TREATMENT&#8221; font_container=&#8221;tag:h3|text_align:left&#8221; use_theme_fonts=&#8221;yes&#8221; css=&#8221;.vc_custom_1604322818940{margin-bottom: 15px !important;}&#8221;]<style type=\"text\/css\" >#l_jx8lulnxkbhm10qbxvm7.sc_line ,#l_jx8lulnxkbhm10qbxvm7 .sc_line { height:1px; background:;}#l_jx8lulnxkbhm10qbxvm7 {margin:0px 0 0px 0; padding:0;}<\/style><div class=\"clearfix\"><\/div><div id=\"l_jx8lulnxkbhm10qbxvm7\"  class=\"sc_line rd_line_normal\" ><\/div>[vc_empty_space height=&#8221;15px&#8221;][\/vc_column][\/vc_row][vc_row][vc_column width=&#8221;1\/6&#8243;][vc_empty_space][\/vc_column][vc_column width=&#8221;5\/6&#8243;][vc_accordion active_tab=&#8221;false&#8221; style=&#8221;rd_acc_8&#8243;][vc_accordion_tab title=&#8221;Devices for rainwater wastewater treatment&#8221;][vc_column_text]<\/p>\n<ol>\n<li><a href=\"https:\/\/www.borplastikaeko.al\/reference\/list-of-delivered-oil-separators\/\">List of delivered oil separators<\/a><\/li>\n<\/ol>\n<p>[\/vc_column_text][\/vc_accordion_tab][\/vc_accordion][\/vc_column][\/vc_row][vc_row][vc_column][vc_custom_heading text=&#8221;AIR PURIFICATION DEVICES&#8221; font_container=&#8221;tag:h3|text_align:left&#8221; use_theme_fonts=&#8221;yes&#8221; css=&#8221;.vc_custom_1604322865222{margin-bottom: 15px !important;}&#8221;]<style type=\"text\/css\" >#l_l7jy6hv6t5xbz5ydpwix.sc_line ,#l_l7jy6hv6t5xbz5ydpwix .sc_line { height:1px; background:;}#l_l7jy6hv6t5xbz5ydpwix {margin:0px 0 0px 0; padding:0;}<\/style><div class=\"clearfix\"><\/div><div id=\"l_l7jy6hv6t5xbz5ydpwix\"  class=\"sc_line rd_line_normal\" ><\/div>[vc_empty_space height=&#8221;15px&#8221;][\/vc_column][\/vc_row][vc_row][vc_column width=&#8221;1\/6&#8243;][vc_empty_space][\/vc_column][vc_column width=&#8221;5\/6&#8243;][vc_accordion active_tab=&#8221;false&#8221; style=&#8221;rd_acc_8&#8243;][vc_accordion_tab title=&#8221;Chemical filling devices&#8221;][vc_column_text]<\/p>\n<ol>\n<li><a href=\"https:\/\/www.borplastikaeko.al\/reference\/hvar-star-residence-d-o-o-hvarcroatia\/\">Hvar Star residence d.o.o., Hvar, Croatia<\/a><\/li>\n<\/ol>\n<p>[\/vc_column_text][\/vc_accordion_tab][vc_accordion_tab title=&#8221;Activated carbon devices&#8221;][vc_column_text]<\/p>\n<ol>\n<li><a href=\"https:\/\/www.borplastikaeko.al\/reference\/georad-d-o-o-hrvatski-leskovac-croatia\/\">Georad d.o.o., Hrvatski Leskovac, Croatia<\/a><\/li>\n<li><a href=\"https:\/\/www.borplastikaeko.al\/reference\/nebesa-d-o-o-hvar-croatia\/\">Nebesa d.o.o., Hvar, Croatia<\/a><\/li>\n<li><a href=\"https:\/\/www.borplastikaeko.al\/reference\/kala-d-o-o-starigrad-paklenica-croatia\/\">Kala d.o.o., Starigrad Paklenica, Croatia<\/a><\/li>\n<li><a href=\"https:\/\/www.borplastikaeko.al\/reference\/u-o-plantaza-starigrad-paklenica-croatia\/\">U.o. Planta\u017ea, Starigrad Paklenica, Croatia<\/a><\/li>\n<li><a href=\"https:\/\/www.borplastikaeko.al\/reference\/miab-d-o-o-rab-croatia\/\">Miab d.o.o., Rab, Croatia<\/a><\/li>\n<li><a href=\"https:\/\/www.borplastikaeko.al\/reference\/monter-strojarske-montaze-d-d-vir-croatia\/\">Monter-strojarske monta\u017ee d.d., Vir, Croatia<\/a><\/li>\n<\/ol>\n<p>[\/vc_column_text][\/vc_accordion_tab][vc_accordion_tab title=&#8221;Biofilters&#8221;][vc_column_text]<\/p>\n<ol>\n<li><a href=\"https:\/\/www.borplastikaeko.al\/reference\/miab-d-o-o-porec-croatia\/\">Miab d.o.o., Pore\u010d, Croatia<\/a><\/li>\n<\/ol>\n<p>[\/vc_column_text][\/vc_accordion_tab][\/vc_accordion][\/vc_column][\/vc_row][vc_row][vc_column][vc_custom_heading text=&#8221;SCRUBBERS&#8221; font_container=&#8221;tag:h3|text_align:left&#8221; use_theme_fonts=&#8221;yes&#8221; css=&#8221;.vc_custom_1604322954227{margin-bottom: 15px !important;}&#8221;]<style type=\"text\/css\" >#l_k35fc5aevpga3ovgj1fj.sc_line ,#l_k35fc5aevpga3ovgj1fj .sc_line { height:1px; background:;}#l_k35fc5aevpga3ovgj1fj {margin:0px 0 0px 0; padding:0;}<\/style><div class=\"clearfix\"><\/div><div id=\"l_k35fc5aevpga3ovgj1fj\"  class=\"sc_line rd_line_normal\" ><\/div>[vc_empty_space height=&#8221;15px&#8221;][\/vc_column][\/vc_row][vc_row][vc_column width=&#8221;1\/6&#8243;][vc_empty_space][\/vc_column][vc_column width=&#8221;5\/6&#8243;][vc_accordion active_tab=&#8221;false&#8221; style=&#8221;rd_acc_8&#8243;][vc_accordion_tab title=&#8221;Scrubbers&#8221;][vc_column_text]<\/p>\n<ol>\n<li><a href=\"https:\/\/www.borplastikaeko.al\/reference\/plamingo-d-o-o-gracanica-bih\/\">Plamingo d.o.o., Gra\u010danica, BiH<\/a><\/li>\n<li><a href=\"https:\/\/www.borplastikaeko.al\/reference\/odvodnja-d-o-o-zadar-croatia\/\">Odvodnja d.o.o., Zadar, Croatia<\/a><\/li>\n<li><a href=\"https:\/\/www.borplastikaeko.al\/reference\/juhai-es-tarsa-kft-somogycsicso-hungary\/\">Juhai \u00e9s t\u00e1rsa Kft., Somogycsic\u015b\u00f3, Hungary<\/a><\/li>\n<li><a href=\"https:\/\/www.borplastikaeko.al\/vorosmarketing-kft-barcs-hungary\/\">V\u00f6r\u00f6smarketing Kft., Barcs, Hungary<\/a><\/li>\n<li><a href=\"https:\/\/www.borplastikaeko.al\/almes-eko-d-o-o-rijeka-croatia\/\">Almes-eko d.o.o., Rijeka, Croatia<\/a><\/li>\n<\/ol>\n<p>[\/vc_column_text][\/vc_accordion_tab][\/vc_accordion][\/vc_column][\/vc_row][vc_row][vc_column][vc_custom_heading text=&#8221;PAINT STRIPPING MACHINE&#8221; font_container=&#8221;tag:h3|text_align:left&#8221; use_theme_fonts=&#8221;yes&#8221; css=&#8221;.vc_custom_1604322997037{margin-bottom: 15px !important;}&#8221;]<style type=\"text\/css\" >#l_wqo29n2tgd3hue8w9yte.sc_line ,#l_wqo29n2tgd3hue8w9yte .sc_line { height:1px; background:;}#l_wqo29n2tgd3hue8w9yte {margin:0px 0 0px 0; padding:0;}<\/style><div class=\"clearfix\"><\/div><div id=\"l_wqo29n2tgd3hue8w9yte\"  class=\"sc_line rd_line_normal\" ><\/div>[vc_empty_space height=&#8221;15px&#8221;][\/vc_column][\/vc_row][vc_row][vc_column width=&#8221;1\/6&#8243;][vc_empty_space][\/vc_column][vc_column width=&#8221;5\/6&#8243;][vc_accordion active_tab=&#8221;false&#8221; style=&#8221;rd_acc_8&#8243;][vc_accordion_tab title=&#8221;Paint stripping machine&#8221;][vc_column_text]<\/p>\n<ol>\n<li><a href=\"https:\/\/www.borplastikaeko.al\/reference\/altrad-limex-d-o-o-donji-miholjac-croatia\/\">Altrad Limex, d.o.o., Donji Miholjac, Croatia<\/a><\/li>\n<li><a href=\"https:\/\/www.borplastikaeko.al\/reference\/grad-export-d-o-o-vinkovci-croatia\/\">Grad-Export d.o.o., Vinkovci, Croatia<\/a><\/li>\n<\/ol>\n<p>[\/vc_column_text][\/vc_accordion_tab][\/vc_accordion][\/vc_column][\/vc_row][vc_row][vc_column][vc_custom_heading text=&#8221;PIPELINE&#8221; font_container=&#8221;tag:h3|text_align:left&#8221; use_theme_fonts=&#8221;yes&#8221; css=&#8221;.vc_custom_1604323046948{margin-bottom: 15px !important;}&#8221;]<style type=\"text\/css\" >#l_9esgswrakyxmykqeis6h.sc_line ,#l_9esgswrakyxmykqeis6h .sc_line { height:1px; background:;}#l_9esgswrakyxmykqeis6h {margin:0px 0 0px 0; padding:0;}<\/style><div class=\"clearfix\"><\/div><div id=\"l_9esgswrakyxmykqeis6h\"  class=\"sc_line rd_line_normal\" ><\/div>[vc_empty_space height=&#8221;15px&#8221;][\/vc_column][\/vc_row][vc_row][vc_column width=&#8221;1\/6&#8243;][vc_empty_space][\/vc_column][vc_column width=&#8221;5\/6&#8243;][vc_accordion active_tab=&#8221;false&#8221; style=&#8221;rd_acc_8&#8243;][vc_accordion_tab title=&#8221;Pipeline&#8221;][vc_column_text]<\/p>\n<ol>\n<li><a href=\"https:\/\/www.borplastikaeko.al\/reference\/pipeline\/\">Pipeline<\/a><\/li>\n<\/ol>\n<p>[\/vc_column_text][\/vc_accordion_tab][\/vc_accordion][\/vc_column][\/vc_row][vc_row][vc_column][vc_custom_heading text=&#8221;TANKS&#8221; font_container=&#8221;tag:h3|text_align:left&#8221; use_theme_fonts=&#8221;yes&#8221; css=&#8221;.vc_custom_1604323095939{margin-bottom: 15px !important;}&#8221;]<style type=\"text\/css\" >#l_0lp81g0hseyv6jbuu557.sc_line ,#l_0lp81g0hseyv6jbuu557 .sc_line { height:1px; background:;}#l_0lp81g0hseyv6jbuu557 {margin:0px 0 0px 0; padding:0;}<\/style><div class=\"clearfix\"><\/div><div id=\"l_0lp81g0hseyv6jbuu557\"  class=\"sc_line rd_line_normal\" ><\/div>[vc_empty_space height=&#8221;15px&#8221;][\/vc_column][\/vc_row][vc_row][vc_column width=&#8221;1\/6&#8243;][vc_empty_space][\/vc_column][vc_column width=&#8221;5\/6&#8243;][vc_accordion active_tab=&#8221;false&#8221; style=&#8221;rd_acc_8&#8243;][vc_accordion_tab title=&#8221;Tanks&#8221;][vc_column_text]<\/p>\n<ol>\n<li><a href=\"https:\/\/www.borplastikaeko.al\/reference\/tanks\/\">Tanks<\/a><\/li>\n<\/ol>\n<p>[\/vc_column_text][\/vc_accordion_tab][\/vc_accordion][\/vc_column][\/vc_row][vc_row][vc_column][vc_empty_space height=&#8221;40px&#8221;][\/vc_column][\/vc_row]<\/p>\n","protected":false},"excerpt":{"rendered":"<p>[vc_row][vc_column][vc_custom_heading text=&#8221;REFERENCE LIST OF DESIGNED, PRODUCE AND DELIVERED DEVICES&#8221; font_container=&#8221;tag:h2|text_align:center&#8221;][\/vc_column][\/vc_row][vc_row][vc_column width=&#8221;2\/3&#8243;][\/vc_column][vc_column width=&#8221;1\/3&#8243;][\/vc_column][\/vc_row][vc_row][vc_column][vc_empty_space height=&#8221;30px&#8221;][vc_custom_heading text=&#8221;TEHNOLOGICAL WASTEWATER TREATMENT FROM INDUSTRY&#8221; font_container=&#8221;tag:h3|text_align:left&#8221; use_theme_fonts=&#8221;yes&#8221; css=&#8221;.vc_custom_1604322110514{margin-bottom: 15px !important;}&#8221;][vc_empty_space height=&#8221;15px&#8221;][\/vc_column][\/vc_row][vc_row][vc_column width=&#8221;1\/6&#8243;][vc_empty_space][\/vc_column][vc_column width=&#8221;5\/6&#8243;][vc_accordion active_tab=&#8221;false&#8221; style=&#8221;rd_acc_8&#8243;][vc_accordion_tab title=&#8221;Meat industry&#8221;][vc_column_text] M.O. Bo\u0111irkovi\u0107, Borovo, Croatia Tulumovi\u0107 d.o.o., Lakta\u0161i, Bosnia and Herzegovina Halasi Kebpro Kft, Kiskunhalas, Hungary E-log, Nova Pazova, Serbia [\/vc_column_text][\/vc_accordion_tab][vc_accordion_tab title=&#8221;Fish processing industry&#8221;][vc_column_text] Conex-trade d.o.o.,<\/p>\n","protected":false},"author":1,"featured_media":0,"parent":0,"menu_order":0,"comment_status":"closed","ping_status":"closed","template":"","meta":[],"yoast_head":"<!-- This site is optimized with the Yoast SEO plugin v15.5 - https:\/\/yoast.com\/wordpress\/plugins\/seo\/ -->\n<meta name=\"robots\" content=\"index, follow, max-snippet:-1, max-image-preview:large, max-video-preview:-1\" \/>\n<link rel=\"canonical\" href=\"https:\/\/www.borplastikaeko.al\/en\/reference-en\/\" \/>\n<meta property=\"og:locale\" content=\"en_US\" \/>\n<meta property=\"og:type\" content=\"article\" \/>\n<meta property=\"og:title\" content=\"REFERENCE LIST - BP GROUP d.o.o.\" \/>\n<meta property=\"og:description\" content=\"[vc_row][vc_column][vc_custom_heading text=&#8221;REFERENCE LIST OF DESIGNED, PRODUCE AND DELIVERED DEVICES&#8221; font_container=&#8221;tag:h2|text_align:center&#8221;][\/vc_column][\/vc_row][vc_row][vc_column width=&#8221;2\/3&#8243;][\/vc_column][vc_column width=&#8221;1\/3&#8243;][\/vc_column][\/vc_row][vc_row][vc_column][vc_empty_space height=&#8221;30px&#8221;][vc_custom_heading text=&#8221;TEHNOLOGICAL WASTEWATER TREATMENT FROM INDUSTRY&#8221; font_container=&#8221;tag:h3|text_align:left&#8221; use_theme_fonts=&#8221;yes&#8221; css=&#8221;.vc_custom_1604322110514{margin-bottom: 15px !important;}&#8221;][vc_empty_space height=&#8221;15px&#8221;][\/vc_column][\/vc_row][vc_row][vc_column width=&#8221;1\/6&#8243;][vc_empty_space][\/vc_column][vc_column width=&#8221;5\/6&#8243;][vc_accordion active_tab=&#8221;false&#8221; style=&#8221;rd_acc_8&#8243;][vc_accordion_tab title=&#8221;Meat industry&#8221;][vc_column_text] M.O. Bo\u0111irkovi\u0107, Borovo, Croatia Tulumovi\u0107 d.o.o., Lakta\u0161i, Bosnia and Herzegovina Halasi Kebpro Kft, Kiskunhalas, Hungary E-log, Nova Pazova, Serbia [\/vc_column_text][\/vc_accordion_tab][vc_accordion_tab title=&#8221;Fish processing industry&#8221;][vc_column_text] Conex-trade d.o.o.,\" \/>\n<meta property=\"og:url\" content=\"https:\/\/www.borplastikaeko.al\/en\/reference-en\/\" \/>\n<meta property=\"og:site_name\" content=\"BP GROUP d.o.o.\" \/>\n<meta property=\"article:publisher\" content=\"https:\/\/web.facebook.com\/borplastika\/\" \/>\n<meta property=\"article:modified_time\" content=\"2022-07-11T06:36:01+00:00\" \/>\n<meta name=\"twitter:card\" content=\"summary_large_image\" \/>\n<meta name=\"twitter:label1\" content=\"Est. reading time\">\n\t<meta name=\"twitter:data1\" content=\"5 minutes\">\n<script type=\"application\/ld+json\" class=\"yoast-schema-graph\">{\"@context\":\"https:\/\/schema.org\",\"@graph\":[{\"@type\":\"Organization\",\"@id\":\"https:\/\/www.borplastikaeko.al\/en\/#organization\",\"name\":\"Borplastika Eko sh.p.k.\",\"url\":\"https:\/\/www.borplastikaeko.al\/en\/\",\"sameAs\":[\"https:\/\/web.facebook.com\/borplastika\/\"],\"logo\":{\"@type\":\"ImageObject\",\"@id\":\"https:\/\/www.borplastikaeko.al\/en\/#logo\",\"inLanguage\":\"en-US\",\"url\":\"https:\/\/www.borplastikaeko.al\/wp-content\/uploads\/2022\/05\/BP-Group-web-logo.png\",\"width\":3393,\"height\":776,\"caption\":\"Borplastika Eko sh.p.k.\"},\"image\":{\"@id\":\"https:\/\/www.borplastikaeko.al\/en\/#logo\"}},{\"@type\":\"WebSite\",\"@id\":\"https:\/\/www.borplastikaeko.al\/en\/#website\",\"url\":\"https:\/\/www.borplastikaeko.al\/en\/\",\"name\":\"BP GROUP d.o.o.\",\"description\":\"WASTEWATER TREATMENT PLANTS - FUTURE EXISTS\",\"publisher\":{\"@id\":\"https:\/\/www.borplastikaeko.al\/en\/#organization\"},\"potentialAction\":[{\"@type\":\"SearchAction\",\"target\":\"https:\/\/www.borplastikaeko.al\/en\/?s={search_term_string}\",\"query-input\":\"required name=search_term_string\"}],\"inLanguage\":\"en-US\"},{\"@type\":\"WebPage\",\"@id\":\"https:\/\/www.borplastikaeko.al\/en\/reference-en\/#webpage\",\"url\":\"https:\/\/www.borplastikaeko.al\/en\/reference-en\/\",\"name\":\"REFERENCE LIST - BP GROUP d.o.o.\",\"isPartOf\":{\"@id\":\"https:\/\/www.borplastikaeko.al\/en\/#website\"},\"datePublished\":\"2020-11-02T13:21:09+00:00\",\"dateModified\":\"2022-07-11T06:36:01+00:00\",\"inLanguage\":\"en-US\",\"potentialAction\":[{\"@type\":\"ReadAction\",\"target\":[\"https:\/\/www.borplastikaeko.al\/en\/reference-en\/\"]}]}]}<\/script>\n<!-- \/ Yoast SEO plugin. -->","_links":{"self":[{"href":"https:\/\/www.borplastikaeko.al\/en\/wp-json\/wp\/v2\/pages\/10006"}],"collection":[{"href":"https:\/\/www.borplastikaeko.al\/en\/wp-json\/wp\/v2\/pages"}],"about":[{"href":"https:\/\/www.borplastikaeko.al\/en\/wp-json\/wp\/v2\/types\/page"}],"author":[{"embeddable":true,"href":"https:\/\/www.borplastikaeko.al\/en\/wp-json\/wp\/v2\/users\/1"}],"replies":[{"embeddable":true,"href":"https:\/\/www.borplastikaeko.al\/en\/wp-json\/wp\/v2\/comments?post=10006"}],"version-history":[{"count":38,"href":"https:\/\/www.borplastikaeko.al\/en\/wp-json\/wp\/v2\/pages\/10006\/revisions"}],"predecessor-version":[{"id":10578,"href":"https:\/\/www.borplastikaeko.al\/en\/wp-json\/wp\/v2\/pages\/10006\/revisions\/10578"}],"wp:attachment":[{"href":"https:\/\/www.borplastikaeko.al\/en\/wp-json\/wp\/v2\/media?parent=10006"}],"curies":[{"name":"wp","href":"https:\/\/api.w.org\/{rel}","templated":true}]}}